{"id":15,"date":"2014-03-14T20:16:27","date_gmt":"2014-03-14T19:16:27","guid":{"rendered":"http:\/\/wp.paulduerr.info\/?page_id=15"},"modified":"2023-10-31T15:20:35","modified_gmt":"2023-10-31T14:20:35","slug":"allgemein","status":"publish","type":"page","link":"https:\/\/www.paulduerr.info\/","title":{"rendered":"Willkommen"},"content":{"rendered":"\n<p>Willkommen auf der <strong>privaten Dom\u00e4ne<\/strong> paulduerr.info.<\/p>\n\n\n\n<p>Folgende Informationen k\u00f6nnen hier gefunden werden:<\/p>\n\n\n\n<figure class=\"wp-block-table\"><table><thead><tr><th>Name der Site<\/th><th>Beschreibung<\/th><\/tr><\/thead><tbody><tr><td><a href=\"http:\/\/sceneries.paulduerr.info\/\">sceneries<\/a><\/td><td>Verschiedene Szenerien f\u00fcr Aerofly 5\/7\/8, AFPD, Heli-X und Reflex XTR.<\/td><\/tr><tr><td><a href=\"http:\/\/help.paulduerr.info\/\">help<\/a><\/td><td>Die Hilfe-Seite zum Scenery Data Utility<\/td><\/tr><tr><td><a href=\"https:\/\/gallery.paulduerr.info\/\">gallery<\/a><\/td><td>Eine Fotogalerie<\/td><\/tr><\/tbody><\/table><\/figure>\n","protected":false},"excerpt":{"rendered":"<p>Willkommen auf der privaten Dom\u00e4ne paulduerr.info. Folgende Informationen k\u00f6nnen hier gefunden werden: Name der Site Beschreibung sceneries Verschiedene Szenerien f\u00fcr Aerofly 5\/7\/8, AFPD, Heli-X und Reflex XTR. help Die Hilfe-Seite zum Scenery Data Utility gallery Eine Fotogalerie<\/p>\n","protected":false},"author":1,"featured_media":0,"parent":0,"menu_order":0,"comment_status":"closed","ping_status":"closed","template":"","meta":{"footnotes":""},"class_list":["post-15","page","type-page","status-publish","hentry"],"aioseo_notices":[],"_links":{"self":[{"href":"https:\/\/www.paulduerr.info\/index.php?rest_route=\/wp\/v2\/pages\/15","targetHints":{"allow":["GET"]}}],"collection":[{"href":"https:\/\/www.paulduerr.info\/index.php?rest_route=\/wp\/v2\/pages"}],"about":[{"href":"https:\/\/www.paulduerr.info\/index.php?rest_route=\/wp\/v2\/types\/page"}],"author":[{"embeddable":true,"href":"https:\/\/www.paulduerr.info\/index.php?rest_route=\/wp\/v2\/users\/1"}],"replies":[{"embeddable":true,"href":"https:\/\/www.paulduerr.info\/index.php?rest_route=%2Fwp%2Fv2%2Fcomments&post=15"}],"version-history":[{"count":11,"href":"https:\/\/www.paulduerr.info\/index.php?rest_route=\/wp\/v2\/pages\/15\/revisions"}],"predecessor-version":[{"id":146,"href":"https:\/\/www.paulduerr.info\/index.php?rest_route=\/wp\/v2\/pages\/15\/revisions\/146"}],"wp:attachment":[{"href":"https:\/\/www.paulduerr.info\/index.php?rest_route=%2Fwp%2Fv2%2Fmedia&parent=15"}],"curies":[{"name":"wp","href":"https:\/\/api.w.org\/{rel}","templated":true}]}}